{"id":1042,"date":"2023-09-26T15:38:26","date_gmt":"2023-09-26T13:38:26","guid":{"rendered":"https:\/\/schuetzen-hw-1636.de\/?page_id=1042"},"modified":"2023-09-26T16:09:57","modified_gmt":"2023-09-26T14:09:57","slug":"andere-wettbewerbe","status":"publish","type":"page","link":"https:\/\/schuetzen-hw-1636.de\/?page_id=1042","title":{"rendered":"Andere Wettbewerbe"},"content":{"rendered":"\t\t<div data-elementor-type=\"wp-page\" data-elementor-id=\"1042\" class=\"elementor elementor-1042\">\n\t\t\t\t\t\t<section class=\"elementor-section elementor-top-section elementor-element elementor-element-652ca69 elementor-section-boxed elementor-section-height-default elementor-section-height-default\" data-id=\"652ca69\" data-element_type=\"section\" data-e-type=\"section\">\n\t\t\t\t\t\t<div class=\"elementor-container elementor-column-gap-default\">\n\t\t\t\t\t<div class=\"elementor-column elementor-col-100 elementor-top-column elementor-element elementor-element-db49423\" data-id=\"db49423\" data-element_type=\"column\" data-e-type=\"column\">\n\t\t\t<div class=\"elementor-widget-wrap elementor-element-populated\">\n\t\t\t\t\t\t<div class=\"elementor-element elementor-element-07b0b03 elementor-widget elementor-widget-heading\" data-id=\"07b0b03\" data-element_type=\"widget\" data-e-type=\"widget\" data-widget_type=\"heading.default\">\n\t\t\t\t<div class=\"elementor-widget-container\">\n\t\t\t\t\t<h1 class=\"elementor-heading-title elementor-size-xl\"><a href=\"https:\/\/schuetzen-hw-1636.de\/wp-content\/uploads\/2023\/09\/bergischerLoewe2023.pdf\">Bergischer L\u00f6we 2023 in H\u00fcckeswagen<\/a><\/h1>\t\t\t\t<\/div>\n\t\t\t\t<\/div>\n\t\t\t\t\t<\/div>\n\t\t<\/div>\n\t\t\t\t\t<\/div>\n\t\t<\/section>\n\t\t\t\t<section class=\"elementor-section elementor-top-section elementor-element elementor-element-62b922e9 elementor-section-boxed elementor-section-height-default elementor-section-height-default\" data-id=\"62b922e9\" data-element_type=\"section\" data-e-type=\"section\">\n\t\t\t\t\t\t<div class=\"elementor-container elementor-column-gap-default\">\n\t\t\t\t\t<div class=\"elementor-column elementor-col-100 elementor-top-column elementor-element elementor-element-220b0c6f\" data-id=\"220b0c6f\" data-element_type=\"column\" data-e-type=\"column\">\n\t\t\t<div class=\"elementor-widget-wrap elementor-element-populated\">\n\t\t\t\t\t\t<div class=\"elementor-element elementor-element-293630b8 elementor-widget__width-initial elementor-widget elementor-widget-text-editor\" data-id=\"293630b8\" data-element_type=\"widget\" data-e-type=\"widget\" data-widget_type=\"text-editor.default\">\n\t\t\t\t<div class=\"elementor-widget-container\">\n\t\t\t\t\t\t\t\t\t<p><a href=\"https:\/\/schuetzen-hw-1636.de\/wp-content\/uploads\/2023\/09\/bergischerLoewe2023.pdf\" data-wplink-edit=\"true\">bergischerL\u00f6we2023<\/a><\/p>\t\t\t\t\t\t\t\t<\/div>\n\t\t\t\t<\/div>\n\t\t\t\t<div class=\"elementor-element elementor-element-b519f74 elementor-widget__width-initial elementor-widget elementor-widget-button\" data-id=\"b519f74\" data-element_type=\"widget\" data-e-type=\"widget\" data-widget_type=\"button.default\">\n\t\t\t\t<div class=\"elementor-widget-container\">\n\t\t\t\t\t\t\t\t\t<div class=\"elementor-button-wrapper\">\n\t\t\t\t\t<a class=\"elementor-button elementor-button-link elementor-size-md\" href=\"https:\/\/schuetzen-hw-1636.de\/wp-content\/uploads\/2023\/09\/bergischerLoewe2023.pdf\">\n\t\t\t\t\t\t<span class=\"elementor-button-content-wrapper\">\n\t\t\t\t\t\t\t\t\t<span class=\"elementor-button-text\">Hier Klicken<\/span>\n\t\t\t\t\t<\/span>\n\t\t\t\t\t<\/a>\n\t\t\t\t<\/div>\n\t\t\t\t\t\t\t\t<\/div>\n\t\t\t\t<\/div>\n\t\t\t\t\t<\/div>\n\t\t<\/div>\n\t\t\t\t\t<\/div>\n\t\t<\/section>\n\t\t\t\t<\/div>\n\t\t","protected":false},"excerpt":{"rendered":"<p>Bergischer L\u00f6we 2023 in H\u00fcckeswagen bergischerL\u00f6we2023 Hier Klicken<\/p>\n","protected":false},"author":1,"featured_media":0,"parent":15,"menu_order":0,"comment_status":"closed","ping_status":"closed","template":"","meta":{"footnotes":""},"class_list":["post-1042","page","type-page","status-publish","hentry","entry"],"_links":{"self":[{"href":"https:\/\/schuetzen-hw-1636.de\/index.php?rest_route=\/wp\/v2\/pages\/1042","targetHints":{"allow":["GET"]}}],"collection":[{"href":"https:\/\/schuetzen-hw-1636.de\/index.php?rest_route=\/wp\/v2\/pages"}],"about":[{"href":"https:\/\/schuetzen-hw-1636.de\/index.php?rest_route=\/wp\/v2\/types\/page"}],"author":[{"embeddable":true,"href":"https:\/\/schuetzen-hw-1636.de\/index.php?rest_route=\/wp\/v2\/users\/1"}],"replies":[{"embeddable":true,"href":"https:\/\/schuetzen-hw-1636.de\/index.php?rest_route=%2Fwp%2Fv2%2Fcomments&post=1042"}],"version-history":[{"count":6,"href":"https:\/\/schuetzen-hw-1636.de\/index.php?rest_route=\/wp\/v2\/pages\/1042\/revisions"}],"predecessor-version":[{"id":1059,"href":"https:\/\/schuetzen-hw-1636.de\/index.php?rest_route=\/wp\/v2\/pages\/1042\/revisions\/1059"}],"up":[{"embeddable":true,"href":"https:\/\/schuetzen-hw-1636.de\/index.php?rest_route=\/wp\/v2\/pages\/15"}],"wp:attachment":[{"href":"https:\/\/schuetzen-hw-1636.de\/index.php?rest_route=%2Fwp%2Fv2%2Fmedia&parent=1042"}],"curies":[{"name":"wp","href":"https:\/\/api.w.org\/{rel}","templated":true}]}}