{"id":234,"date":"2021-04-05T09:26:59","date_gmt":"2021-04-05T09:26:59","guid":{"rendered":"http:\/\/schuetzen-hw-1636.de\/?page_id=234"},"modified":"2026-03-31T11:19:50","modified_gmt":"2026-03-31T09:19:50","slug":"schuetzenverein-hueckeswagen-1636-e-v","status":"publish","type":"page","link":"https:\/\/schuetzen-hw-1636.de\/","title":{"rendered":"Sch\u00fctzenverein H\u00fcckeswagen 1636 e.V."},"content":{"rendered":"\t\t<div data-elementor-type=\"wp-page\" data-elementor-id=\"234\" class=\"elementor elementor-234\">\n\t\t\t\t\t\t<header class=\"elementor-section elementor-top-section elementor-element elementor-element-51203c8 elementor-section-full_width elementor-section-height-min-height elementor-section-height-default elementor-section-items-middle\" data-id=\"51203c8\" data-element_type=\"section\" data-e-type=\"section\">\n\t\t\t\t\t\t<div class=\"elementor-container elementor-column-gap-narrow\">\n\t\t\t\t\t<div class=\"elementor-column elementor-col-100 elementor-top-column elementor-element elementor-element-56ab3ab\" data-id=\"56ab3ab\" data-element_type=\"column\" data-e-type=\"column\">\n\t\t\t<div class=\"elementor-widget-wrap elementor-element-populated\">\n\t\t\t\t\t\t<div class=\"elementor-element elementor-element-a3ec569 elementor-widget__width-inherit premium-nav-hor premium-nav-none premium-ham-dropdown elementor-widget elementor-widget-premium-nav-menu\" data-id=\"a3ec569\" data-element_type=\"widget\" data-e-type=\"widget\" data-settings=\"{&quot;submenu_icon&quot;:{&quot;value&quot;:&quot;fas fa-angle-down&quot;,&quot;library&quot;:&quot;fa-solid&quot;},&quot;submenu_item_icon&quot;:{&quot;value&quot;:&quot;&quot;,&quot;library&quot;:&quot;&quot;}}\" data-widget_type=\"premium-nav-menu.default\">\n\t\t\t\t<div class=\"elementor-widget-container\">\n\t\t\t\t\t\t\t\t<div data-settings=\"{&quot;breakpoint&quot;:767,&quot;mobileLayout&quot;:&quot;dropdown&quot;,&quot;mainLayout&quot;:&quot;hor&quot;,&quot;stretchDropdown&quot;:true,&quot;hoverEffect&quot;:&quot;&quot;,&quot;submenuEvent&quot;:&quot;hover&quot;,&quot;submenuTrigger&quot;:null,&quot;closeAfterClick&quot;:false}\" class=\"premium-nav-widget-container premium-nav-pointer-text premium-stretch-dropdown premium-nav-animation-grow\" style=\"visibility:hidden; opacity:0;\">\r\n\t\t\t\t<div class=\"premium-ver-inner-container\">\r\n\t\t\t\t\t<div class=\"premium-hamburger-toggle premium-mobile-menu-icon\" role=\"button\" aria-label=\"Toggle Menu\">\r\n\t\t\t\t\t\t<span class=\"premium-toggle-text\">\r\n\t\t\t\t\t\t\t<i aria-hidden=\"true\" class=\"fas fa-bars\"><\/i>Menu\t\t\t\t\t\t<\/span>\r\n\t\t\t\t\t\t<span class=\"premium-toggle-close\">\r\n\t\t\t\t\t\t\t<i aria-hidden=\"true\" class=\"fas fa-times\"><\/i>Schlie\u00dfen\t\t\t\t\t\t<\/span>\r\n\t\t\t\t\t<\/div>\r\n\t\t\t\t\t\t\t\t\t\t\t\t<div class=\"premium-nav-menu-container premium-nav-default\">\r\n\t\t\t\t\t\t\t\t<ul id=\"menu-hauptmenue\" class=\"premium-nav-menu premium-main-nav-menu\"><li id=\"premium-nav-menu-item-31\" class=\"menu-item menu-item-type-post_type menu-item-object-page menu-item-has-children premium-nav-menu-item\"><a href=\"https:\/\/schuetzen-hw-1636.de\/?page_id=15\" class=\"premium-menu-link premium-menu-link-parent\">Meisterschaften<i class=\"fas fa-angle-down premium-dropdown-icon\"><\/i><\/a>\n<ul class=\"premium-sub-menu\">\n\t<li id=\"premium-nav-menu-item-81\" class=\"menu-item menu-item-type-post_type menu-item-object-page premium-nav-menu-item premium-sub-menu-item\"><a href=\"https:\/\/schuetzen-hw-1636.de\/?page_id=55\" class=\"premium-menu-link premium-sub-menu-link\">Deutsche Meisterschaft<\/a><\/li>\n\t<li id=\"premium-nav-menu-item-95\" class=\"menu-item menu-item-type-post_type menu-item-object-page premium-nav-menu-item premium-sub-menu-item\"><a href=\"https:\/\/schuetzen-hw-1636.de\/?page_id=62\" class=\"premium-menu-link premium-sub-menu-link\">Landesverbandsmeisterschaften<\/a><\/li>\n\t<li id=\"premium-nav-menu-item-59\" class=\"menu-item menu-item-type-post_type menu-item-object-page premium-nav-menu-item premium-sub-menu-item\"><a href=\"https:\/\/schuetzen-hw-1636.de\/?page_id=57\" class=\"premium-menu-link premium-sub-menu-link\">Bezirksmeisterschaften<\/a><\/li>\n\t<li id=\"premium-nav-menu-item-94\" class=\"menu-item menu-item-type-post_type menu-item-object-page premium-nav-menu-item premium-sub-menu-item\"><a href=\"https:\/\/schuetzen-hw-1636.de\/?page_id=64\" class=\"premium-menu-link premium-sub-menu-link\">Vereinsmeisterschaften<\/a><\/li>\n\t<li id=\"premium-nav-menu-item-1054\" class=\"menu-item menu-item-type-post_type menu-item-object-page premium-nav-menu-item premium-sub-menu-item\"><a href=\"https:\/\/schuetzen-hw-1636.de\/?page_id=1042\" class=\"premium-menu-link premium-sub-menu-link\">Andere Wettbewerbe<\/a><\/li>\n<\/ul>\n<\/li>\n<li id=\"premium-nav-menu-item-33\" class=\"menu-item menu-item-type-post_type menu-item-object-page premium-nav-menu-item\"><a href=\"https:\/\/schuetzen-hw-1636.de\/?page_id=17\" class=\"premium-menu-link premium-menu-link-parent\">Kalender\/Termine<\/a><\/li>\n<li id=\"premium-nav-menu-item-35\" class=\"menu-item menu-item-type-post_type menu-item-object-page premium-nav-menu-item\"><a href=\"https:\/\/schuetzen-hw-1636.de\/?page_id=19\" class=\"premium-menu-link premium-menu-link-parent\">Galerie\/Bilder<\/a><\/li>\n<li id=\"premium-nav-menu-item-36\" class=\"menu-item menu-item-type-post_type menu-item-object-page menu-item-has-children premium-nav-menu-item\"><a href=\"https:\/\/schuetzen-hw-1636.de\/?page_id=20\" class=\"premium-menu-link premium-menu-link-parent\">Verb\u00e4nde\/Vereine\/Musikkapellen<i class=\"fas fa-angle-down premium-dropdown-icon\"><\/i><\/a>\n<ul class=\"premium-sub-menu\">\n\t<li id=\"premium-nav-menu-item-152\" class=\"menu-item menu-item-type-post_type menu-item-object-page premium-nav-menu-item premium-sub-menu-item\"><a href=\"https:\/\/schuetzen-hw-1636.de\/?page_id=147\" class=\"premium-menu-link premium-sub-menu-link\">Unsere Verb\u00e4nde<\/a><\/li>\n\t<li id=\"premium-nav-menu-item-156\" class=\"menu-item menu-item-type-post_type menu-item-object-page premium-nav-menu-item premium-sub-menu-item\"><a href=\"https:\/\/schuetzen-hw-1636.de\/?page_id=153\" class=\"premium-menu-link premium-sub-menu-link\">Befreundete Vereine<\/a><\/li>\n\t<li id=\"premium-nav-menu-item-161\" class=\"menu-item menu-item-type-post_type menu-item-object-page premium-nav-menu-item premium-sub-menu-item\"><a href=\"https:\/\/schuetzen-hw-1636.de\/?page_id=158\" class=\"premium-menu-link premium-sub-menu-link\">Musikkapellen<\/a><\/li>\n<\/ul>\n<\/li>\n<li id=\"premium-nav-menu-item-37\" class=\"menu-item menu-item-type-post_type menu-item-object-page premium-nav-menu-item\"><a href=\"https:\/\/schuetzen-hw-1636.de\/?page_id=21\" class=\"premium-menu-link premium-menu-link-parent\">Unsere Sponsoren<\/a><\/li>\n<li id=\"premium-nav-menu-item-261\" class=\"menu-item menu-item-type-post_type menu-item-object-page premium-nav-menu-item\"><a href=\"https:\/\/schuetzen-hw-1636.de\/?page_id=259\" class=\"premium-menu-link premium-menu-link-parent\">Unser Vereinsheim<\/a><\/li>\n<li id=\"premium-nav-menu-item-1092\" class=\"menu-item menu-item-type-post_type menu-item-object-page premium-nav-menu-item\"><a href=\"https:\/\/schuetzen-hw-1636.de\/?page_id=1061\" class=\"premium-menu-link premium-menu-link-parent\">Mitgliedsbeitr\u00e4ge<\/a><\/li>\n<li id=\"premium-nav-menu-item-1096\" class=\"menu-item menu-item-type-post_type menu-item-object-page premium-nav-menu-item\"><a href=\"https:\/\/schuetzen-hw-1636.de\/?page_id=158\" class=\"premium-menu-link premium-menu-link-parent\">Musikkapellen<\/a><\/li>\n<li id=\"premium-nav-menu-item-1097\" class=\"menu-item menu-item-type-post_type menu-item-object-page premium-nav-menu-item\"><a href=\"https:\/\/schuetzen-hw-1636.de\/?page_id=153\" class=\"premium-menu-link premium-menu-link-parent\">Befreundete Vereine<\/a><\/li>\n<li id=\"premium-nav-menu-item-1098\" class=\"menu-item menu-item-type-post_type menu-item-object-page premium-nav-menu-item\"><a href=\"https:\/\/schuetzen-hw-1636.de\/?page_id=147\" class=\"premium-menu-link premium-menu-link-parent\">Unsere Verb\u00e4nde<\/a><\/li>\n<\/ul>\t\t\t\t\t\t\t<\/div>\r\n\t\t\t\t\t\t\t\t\t\t\t\t\t\t<div class=\"premium-mobile-menu-container\">\r\n\t\t\t\t\t\t\t\t<ul id=\"menu-hauptmenue-1\" class=\"premium-mobile-menu premium-main-mobile-menu premium-main-nav-menu\"><li id=\"premium-nav-menu-item-31\" class=\"menu-item menu-item-type-post_type menu-item-object-page menu-item-has-children premium-nav-menu-item\"><a href=\"https:\/\/schuetzen-hw-1636.de\/?page_id=15\" class=\"premium-menu-link premium-menu-link-parent\">Meisterschaften<i class=\"fas fa-angle-down premium-dropdown-icon\"><\/i><\/a>\n<ul class=\"premium-sub-menu\">\n\t<li id=\"premium-nav-menu-item-81\" class=\"menu-item menu-item-type-post_type menu-item-object-page premium-nav-menu-item premium-sub-menu-item\"><a href=\"https:\/\/schuetzen-hw-1636.de\/?page_id=55\" class=\"premium-menu-link premium-sub-menu-link\">Deutsche Meisterschaft<\/a><\/li>\n\t<li id=\"premium-nav-menu-item-95\" class=\"menu-item menu-item-type-post_type menu-item-object-page premium-nav-menu-item premium-sub-menu-item\"><a href=\"https:\/\/schuetzen-hw-1636.de\/?page_id=62\" class=\"premium-menu-link premium-sub-menu-link\">Landesverbandsmeisterschaften<\/a><\/li>\n\t<li id=\"premium-nav-menu-item-59\" class=\"menu-item menu-item-type-post_type menu-item-object-page premium-nav-menu-item premium-sub-menu-item\"><a href=\"https:\/\/schuetzen-hw-1636.de\/?page_id=57\" class=\"premium-menu-link premium-sub-menu-link\">Bezirksmeisterschaften<\/a><\/li>\n\t<li id=\"premium-nav-menu-item-94\" class=\"menu-item menu-item-type-post_type menu-item-object-page premium-nav-menu-item premium-sub-menu-item\"><a href=\"https:\/\/schuetzen-hw-1636.de\/?page_id=64\" class=\"premium-menu-link premium-sub-menu-link\">Vereinsmeisterschaften<\/a><\/li>\n\t<li id=\"premium-nav-menu-item-1054\" class=\"menu-item menu-item-type-post_type menu-item-object-page premium-nav-menu-item premium-sub-menu-item\"><a href=\"https:\/\/schuetzen-hw-1636.de\/?page_id=1042\" class=\"premium-menu-link premium-sub-menu-link\">Andere Wettbewerbe<\/a><\/li>\n<\/ul>\n<\/li>\n<li id=\"premium-nav-menu-item-33\" class=\"menu-item menu-item-type-post_type menu-item-object-page premium-nav-menu-item\"><a href=\"https:\/\/schuetzen-hw-1636.de\/?page_id=17\" class=\"premium-menu-link premium-menu-link-parent\">Kalender\/Termine<\/a><\/li>\n<li id=\"premium-nav-menu-item-35\" class=\"menu-item menu-item-type-post_type menu-item-object-page premium-nav-menu-item\"><a href=\"https:\/\/schuetzen-hw-1636.de\/?page_id=19\" class=\"premium-menu-link premium-menu-link-parent\">Galerie\/Bilder<\/a><\/li>\n<li id=\"premium-nav-menu-item-36\" class=\"menu-item menu-item-type-post_type menu-item-object-page menu-item-has-children premium-nav-menu-item\"><a href=\"https:\/\/schuetzen-hw-1636.de\/?page_id=20\" class=\"premium-menu-link premium-menu-link-parent\">Verb\u00e4nde\/Vereine\/Musikkapellen<i class=\"fas fa-angle-down premium-dropdown-icon\"><\/i><\/a>\n<ul class=\"premium-sub-menu\">\n\t<li id=\"premium-nav-menu-item-152\" class=\"menu-item menu-item-type-post_type menu-item-object-page premium-nav-menu-item premium-sub-menu-item\"><a href=\"https:\/\/schuetzen-hw-1636.de\/?page_id=147\" class=\"premium-menu-link premium-sub-menu-link\">Unsere Verb\u00e4nde<\/a><\/li>\n\t<li id=\"premium-nav-menu-item-156\" class=\"menu-item menu-item-type-post_type menu-item-object-page premium-nav-menu-item premium-sub-menu-item\"><a href=\"https:\/\/schuetzen-hw-1636.de\/?page_id=153\" class=\"premium-menu-link premium-sub-menu-link\">Befreundete Vereine<\/a><\/li>\n\t<li id=\"premium-nav-menu-item-161\" class=\"menu-item menu-item-type-post_type menu-item-object-page premium-nav-menu-item premium-sub-menu-item\"><a href=\"https:\/\/schuetzen-hw-1636.de\/?page_id=158\" class=\"premium-menu-link premium-sub-menu-link\">Musikkapellen<\/a><\/li>\n<\/ul>\n<\/li>\n<li id=\"premium-nav-menu-item-37\" class=\"menu-item menu-item-type-post_type menu-item-object-page premium-nav-menu-item\"><a href=\"https:\/\/schuetzen-hw-1636.de\/?page_id=21\" class=\"premium-menu-link premium-menu-link-parent\">Unsere Sponsoren<\/a><\/li>\n<li id=\"premium-nav-menu-item-261\" class=\"menu-item menu-item-type-post_type menu-item-object-page premium-nav-menu-item\"><a href=\"https:\/\/schuetzen-hw-1636.de\/?page_id=259\" class=\"premium-menu-link premium-menu-link-parent\">Unser Vereinsheim<\/a><\/li>\n<li id=\"premium-nav-menu-item-1092\" class=\"menu-item menu-item-type-post_type menu-item-object-page premium-nav-menu-item\"><a href=\"https:\/\/schuetzen-hw-1636.de\/?page_id=1061\" class=\"premium-menu-link premium-menu-link-parent\">Mitgliedsbeitr\u00e4ge<\/a><\/li>\n<li id=\"premium-nav-menu-item-1096\" class=\"menu-item menu-item-type-post_type menu-item-object-page premium-nav-menu-item\"><a href=\"https:\/\/schuetzen-hw-1636.de\/?page_id=158\" class=\"premium-menu-link premium-menu-link-parent\">Musikkapellen<\/a><\/li>\n<li id=\"premium-nav-menu-item-1097\" class=\"menu-item menu-item-type-post_type menu-item-object-page premium-nav-menu-item\"><a href=\"https:\/\/schuetzen-hw-1636.de\/?page_id=153\" class=\"premium-menu-link premium-menu-link-parent\">Befreundete Vereine<\/a><\/li>\n<li id=\"premium-nav-menu-item-1098\" class=\"menu-item menu-item-type-post_type menu-item-object-page premium-nav-menu-item\"><a href=\"https:\/\/schuetzen-hw-1636.de\/?page_id=147\" class=\"premium-menu-link premium-menu-link-parent\">Unsere Verb\u00e4nde<\/a><\/li>\n<\/ul>\t\t\t\t\t\t\t<\/div>\r\n\t\t\t\t\t\t\t\t\t\t\t<\/div>\r\n\t\t\t<\/div>\r\n\t\t\t\t\t\t<\/div>\n\t\t\t\t<\/div>\n\t\t\t\t\t<\/div>\n\t\t<\/div>\n\t\t\t\t\t<\/div>\n\t\t<\/header>\n\t\t\t\t<section class=\"elementor-section elementor-top-section elementor-element elementor-element-f9d89d5 elementor-section-full_width elementor-section-height-full elementor-section-height-default elementor-section-items-middle\" data-id=\"f9d89d5\" data-element_type=\"section\" data-e-type=\"section\" data-settings=\"{&quot;background_background&quot;:&quot;classic&quot;}\">\n\t\t\t\t\t\t\t<div class=\"elementor-background-overlay\"><\/div>\n\t\t\t\t\t\t\t<div class=\"elementor-container elementor-column-gap-default\">\n\t\t\t\t\t<div class=\"elementor-column elementor-col-50 elementor-top-column elementor-element elementor-element-45a5123\" data-id=\"45a5123\" data-element_type=\"column\" data-e-type=\"column\">\n\t\t\t<div class=\"elementor-widget-wrap elementor-element-populated\">\n\t\t\t\t\t\t<div class=\"elementor-element elementor-element-c79f919 elementor-widget__width-auto e-transform elementor-absolute elementor-widget elementor-widget-heading\" data-id=\"c79f919\" data-element_type=\"widget\" data-e-type=\"widget\" data-settings=\"{&quot;_transform_translateX_effect&quot;:{&quot;unit&quot;:&quot;px&quot;,&quot;size&quot;:239,&quot;sizes&quot;:[]},&quot;_transform_translateY_effect&quot;:{&quot;unit&quot;:&quot;px&quot;,&quot;size&quot;:-239,&quot;sizes&quot;:[]},&quot;_position&quot;:&quot;absolute&quot;,&quot;_transform_translateX_effect_tablet&quot;:{&quot;unit&quot;:&quot;px&quot;,&quot;size&quot;:&quot;&quot;,&quot;sizes&quot;:[]},&quot;_transform_translateX_effect_mobile&quot;:{&quot;unit&quot;:&quot;px&quot;,&quot;size&quot;:&quot;&quot;,&quot;sizes&quot;:[]},&quot;_transform_translateY_effect_tablet&quot;:{&quot;unit&quot;:&quot;px&quot;,&quot;size&quot;:&quot;&quot;,&quot;sizes&quot;:[]},&quot;_transform_translateY_effect_mobile&quot;:{&quot;unit&quot;:&quot;px&quot;,&quot;size&quot;:&quot;&quot;,&quot;sizes&quot;:[]}}\" data-widget_type=\"heading.default\">\n\t\t\t\t<div class=\"elementor-widget-container\">\n\t\t\t\t\t<h3 class=\"elementor-heading-title elementor-size-medium\">\n<\/h3>\t\t\t\t<\/div>\n\t\t\t\t<\/div>\n\t\t\t\t\t<\/div>\n\t\t<\/div>\n\t\t\t\t<div class=\"elementor-column elementor-col-50 elementor-top-column elementor-element elementor-element-016b4f7\" data-id=\"016b4f7\" data-element_type=\"column\" data-e-type=\"column\">\n\t\t\t<div class=\"elementor-widget-wrap elementor-element-populated\">\n\t\t\t\t\t\t<div class=\"elementor-element elementor-element-009bf47 elementor-absolute elementor-widget__width-initial elementor-widget elementor-widget-heading\" data-id=\"009bf47\" data-element_type=\"widget\" data-e-type=\"widget\" data-settings=\"{&quot;_position&quot;:&quot;absolute&quot;}\" data-widget_type=\"heading.default\">\n\t\t\t\t<div class=\"elementor-widget-container\">\n\t\t\t\t\t<h2 class=\"elementor-heading-title elementor-size-xl\">\n\n<\/h2>\t\t\t\t<\/div>\n\t\t\t\t<\/div>\n\t\t\t\t<div class=\"elementor-element elementor-element-f52a202 elementor-absolute elementor-widget__width-initial elementor-widget elementor-widget-heading\" data-id=\"f52a202\" data-element_type=\"widget\" data-e-type=\"widget\" data-settings=\"{&quot;_position&quot;:&quot;absolute&quot;}\" data-widget_type=\"heading.default\">\n\t\t\t\t<div class=\"elementor-widget-container\">\n\t\t\t\t\t<h3 class=\"elementor-heading-title elementor-size-medium\">G\u00e4ste sind uns stets willkommen. \n<\/h3>\t\t\t\t<\/div>\n\t\t\t\t<\/div>\n\t\t\t\t<div class=\"elementor-element elementor-element-c43ed69 elementor-widget elementor-widget-spacer\" data-id=\"c43ed69\" data-element_type=\"widget\" data-e-type=\"widget\" data-widget_type=\"spacer.default\">\n\t\t\t\t<div class=\"elementor-widget-container\">\n\t\t\t\t\t\t\t<div class=\"elementor-spacer\">\n\t\t\t<div class=\"elementor-spacer-inner\"><\/div>\n\t\t<\/div>\n\t\t\t\t\t\t<\/div>\n\t\t\t\t<\/div>\n\t\t\t\t<div class=\"elementor-element elementor-element-b632e7e elementor-widget__width-initial elementor-widget elementor-widget-image\" data-id=\"b632e7e\" data-element_type=\"widget\" data-e-type=\"widget\" data-widget_type=\"image.default\">\n\t\t\t\t<div class=\"elementor-widget-container\">\n\t\t\t\t\t\t\t\t\t\t\t\t\t\t\t<img decoding=\"async\" src=\"https:\/\/schuetzen-hw-1636.de\/wp-content\/uploads\/elementor\/thumbs\/Schuetzen-gegen-Extremismus-2024.2-qkfoeew1xc04blnob14ahtc39zds437vycchvfislg.png\" title=\"Sch\u00fctzen gegen Extremismus 2024.2\" alt=\"Sch\u00fctzen gegen Extremismus 2024.2\" loading=\"lazy\" \/>\t\t\t\t\t\t\t\t\t\t\t\t\t\t\t<\/div>\n\t\t\t\t<\/div>\n\t\t\t\t\t<\/div>\n\t\t<\/div>\n\t\t\t\t\t<\/div>\n\t\t<\/section>\n\t\t\t\t<section class=\"elementor-section elementor-top-section elementor-element elementor-element-447561c elementor-section-boxed elementor-section-height-default elementor-section-height-default\" data-id=\"447561c\" data-element_type=\"section\" data-e-type=\"section\">\n\t\t\t\t\t\t<div class=\"elementor-container elementor-column-gap-default\">\n\t\t\t\t\t<div class=\"elementor-column elementor-col-100 elementor-top-column elementor-element elementor-element-a2b9fd2\" data-id=\"a2b9fd2\" data-element_type=\"column\" data-e-type=\"column\">\n\t\t\t<div class=\"elementor-widget-wrap elementor-element-populated\">\n\t\t\t\t\t\t<div class=\"elementor-element elementor-element-aeba39a premium-nav-hor premium-nav-none premium-ham-dropdown elementor-widget elementor-widget-premium-nav-menu\" data-id=\"aeba39a\" data-element_type=\"widget\" data-e-type=\"widget\" data-settings=\"{&quot;submenu_icon&quot;:{&quot;value&quot;:&quot;fas fa-angle-down&quot;,&quot;library&quot;:&quot;fa-solid&quot;},&quot;submenu_item_icon&quot;:{&quot;value&quot;:&quot;&quot;,&quot;library&quot;:&quot;&quot;}}\" data-widget_type=\"premium-nav-menu.default\">\n\t\t\t\t<div class=\"elementor-widget-container\">\n\t\t\t\t\t\t\t\t<div data-settings=\"{&quot;breakpoint&quot;:1024,&quot;mobileLayout&quot;:&quot;dropdown&quot;,&quot;mainLayout&quot;:&quot;hor&quot;,&quot;stretchDropdown&quot;:false,&quot;hoverEffect&quot;:&quot;&quot;,&quot;submenuEvent&quot;:&quot;hover&quot;,&quot;submenuTrigger&quot;:null,&quot;closeAfterClick&quot;:false}\" class=\"premium-nav-widget-container premium-nav-pointer-none\" style=\"visibility:hidden; opacity:0;\">\r\n\t\t\t\t<div class=\"premium-ver-inner-container\">\r\n\t\t\t\t\t<div class=\"premium-hamburger-toggle premium-mobile-menu-icon\" role=\"button\" aria-label=\"Toggle Menu\">\r\n\t\t\t\t\t\t<span class=\"premium-toggle-text\">\r\n\t\t\t\t\t\t\t<i aria-hidden=\"true\" class=\"fas fa-bars\"><\/i>Menu\t\t\t\t\t\t<\/span>\r\n\t\t\t\t\t\t<span class=\"premium-toggle-close\">\r\n\t\t\t\t\t\t\t<i aria-hidden=\"true\" class=\"fas fa-times\"><\/i>Schlie\u00dfen\t\t\t\t\t\t<\/span>\r\n\t\t\t\t\t<\/div>\r\n\t\t\t\t\t\t\t\t\t\t\t\t<div class=\"premium-nav-menu-container premium-nav-default\">\r\n\t\t\t\t\t\t\t\t<ul id=\"menu-footermenue\" class=\"premium-nav-menu premium-main-nav-menu\"><li id=\"premium-nav-menu-item-256\" class=\"menu-item menu-item-type-post_type menu-item-object-page premium-nav-menu-item\"><a href=\"https:\/\/schuetzen-hw-1636.de\/?page_id=82\" class=\"premium-menu-link premium-menu-link-parent\">Standort\/Kontakt<\/a><\/li>\n<li id=\"premium-nav-menu-item-257\" class=\"menu-item menu-item-type-post_type menu-item-object-page menu-item-privacy-policy premium-nav-menu-item\"><a href=\"https:\/\/schuetzen-hw-1636.de\/?page_id=11\" class=\"premium-menu-link premium-menu-link-parent\">Impressum<\/a><\/li>\n<\/ul>\t\t\t\t\t\t\t<\/div>\r\n\t\t\t\t\t\t\t\t\t\t\t\t\t\t<div class=\"premium-mobile-menu-container\">\r\n\t\t\t\t\t\t\t\t<ul id=\"menu-footermenue-1\" class=\"premium-mobile-menu premium-main-mobile-menu premium-main-nav-menu\"><li id=\"premium-nav-menu-item-256\" class=\"menu-item menu-item-type-post_type menu-item-object-page premium-nav-menu-item\"><a href=\"https:\/\/schuetzen-hw-1636.de\/?page_id=82\" class=\"premium-menu-link premium-menu-link-parent\">Standort\/Kontakt<\/a><\/li>\n<li id=\"premium-nav-menu-item-257\" class=\"menu-item menu-item-type-post_type menu-item-object-page menu-item-privacy-policy premium-nav-menu-item\"><a href=\"https:\/\/schuetzen-hw-1636.de\/?page_id=11\" class=\"premium-menu-link premium-menu-link-parent\">Impressum<\/a><\/li>\n<\/ul>\t\t\t\t\t\t\t<\/div>\r\n\t\t\t\t\t\t\t\t\t\t\t<\/div>\r\n\t\t\t<\/div>\r\n\t\t\t\t\t\t<\/div>\n\t\t\t\t<\/div>\n\t\t\t\t\t<\/div>\n\t\t<\/div>\n\t\t\t\t\t<\/div>\n\t\t<\/section>\n\t\t\t\t<section class=\"elementor-section elementor-top-section elementor-element elementor-element-776f0ff elementor-section-boxed elementor-section-height-default elementor-section-height-default\" data-id=\"776f0ff\" data-element_type=\"section\" data-e-type=\"section\">\n\t\t\t\t\t\t<div class=\"elementor-container elementor-column-gap-default\">\n\t\t\t\t\t<div class=\"elementor-column elementor-col-100 elementor-top-column elementor-element elementor-element-19fde3d\" data-id=\"19fde3d\" data-element_type=\"column\" data-e-type=\"column\">\n\t\t\t<div class=\"elementor-widget-wrap elementor-element-populated\">\n\t\t\t\t\t\t<div class=\"elementor-element elementor-element-0fb56c6 elementor-widget elementor-widget-heading\" data-id=\"0fb56c6\" data-element_type=\"widget\" data-e-type=\"widget\" data-widget_type=\"heading.default\">\n\t\t\t\t<div class=\"elementor-widget-container\">\n\t\t\t\t\t<h2 class=\"elementor-heading-title elementor-size-default\">Gib hier deine \u00dcberschrift ein<\/h2>\t\t\t\t<\/div>\n\t\t\t\t<\/div>\n\t\t\t\t\t<\/div>\n\t\t<\/div>\n\t\t\t\t\t<\/div>\n\t\t<\/section>\n\t\t\t\t<section class=\"elementor-section elementor-top-section elementor-element elementor-element-8f0a99f elementor-section-boxed elementor-section-height-default elementor-section-height-default\" data-id=\"8f0a99f\" data-element_type=\"section\" data-e-type=\"section\">\n\t\t\t\t\t\t<div class=\"elementor-container elementor-column-gap-default\">\n\t\t\t\t\t<div class=\"elementor-column elementor-col-100 elementor-top-column elementor-element elementor-element-65b73ab\" data-id=\"65b73ab\" data-element_type=\"column\" data-e-type=\"column\">\n\t\t\t<div class=\"elementor-widget-wrap elementor-element-populated\">\n\t\t\t\t\t\t<div class=\"elementor-element elementor-element-0f79e0d elementor-widget elementor-widget-text-editor\" data-id=\"0f79e0d\" data-element_type=\"widget\" data-e-type=\"widget\" data-widget_type=\"text-editor.default\">\n\t\t\t\t<div class=\"elementor-widget-container\">\n\t\t\t\t\t\t\t\t\t<p>Lorem ipsum dolor sit amet, consectetur adipiscing elit. Ut elit tellus, luctus nec ullamcorper mattis, pulvinar dapibus leo.<\/p>\t\t\t\t\t\t\t\t<\/div>\n\t\t\t\t<\/div>\n\t\t\t\t\t<\/div>\n\t\t<\/div>\n\t\t\t\t\t<\/div>\n\t\t<\/section>\n\t\t\t\t<section class=\"elementor-section elementor-top-section elementor-element elementor-element-ada1b7a elementor-section-boxed elementor-section-height-default elementor-section-height-default\" data-id=\"ada1b7a\" data-element_type=\"section\" data-e-type=\"section\">\n\t\t\t\t\t\t<div class=\"elementor-container elementor-column-gap-default\">\n\t\t\t\t\t<div class=\"elementor-column elementor-col-100 elementor-top-column elementor-element elementor-element-a51a3d7\" data-id=\"a51a3d7\" data-element_type=\"column\" data-e-type=\"column\">\n\t\t\t<div class=\"elementor-widget-wrap elementor-element-populated\">\n\t\t\t\t\t\t<div class=\"elementor-element elementor-element-39d62d6 elementor-widget elementor-widget-text-editor\" data-id=\"39d62d6\" data-element_type=\"widget\" data-e-type=\"widget\" data-widget_type=\"text-editor.default\">\n\t\t\t\t<div class=\"elementor-widget-container\">\n\t\t\t\t\t\t\t\t\t<p>Lorem ipsum dolor sit amet, consectetur adipiscing elit. Ut elit tellus, luctus nec ullamcorper mattis, pulvinar dapibus leo.<\/p>\t\t\t\t\t\t\t\t<\/div>\n\t\t\t\t<\/div>\n\t\t\t\t\t<\/div>\n\t\t<\/div>\n\t\t\t\t\t<\/div>\n\t\t<\/section>\n\t\t\t\t<\/div>\n\t\t","protected":false},"excerpt":{"rendered":"<p>Menu Schlie\u00dfen Meisterschaften Deutsche Meisterschaft Landesverbandsmeisterschaften Bezirksmeisterschaften Vereinsmeisterschaften Andere Wettbewerbe Tradition Kalender\/Termine Galerie\/Bilder Verb\u00e4nde\/Vereine\/Musikkapellen Unsere Verb\u00e4nde Befreundete Vereine Musikkapellen Unsere Sponsoren Unser Vereinsheim Mitgliedsbeitr\u00e4ge Musikkapellen Befreundete Vereine Unsere Verb\u00e4nde Meisterschaften [&hellip;]<\/p>\n","protected":false},"author":1,"featured_media":0,"parent":0,"menu_order":0,"comment_status":"closed","ping_status":"closed","template":"templates\/landing.php","meta":{"footnotes":""},"class_list":["post-234","page","type-page","status-publish","hentry","entry"],"_links":{"self":[{"href":"https:\/\/schuetzen-hw-1636.de\/index.php?rest_route=\/wp\/v2\/pages\/234","targetHints":{"allow":["GET"]}}],"collection":[{"href":"https:\/\/schuetzen-hw-1636.de\/index.php?rest_route=\/wp\/v2\/pages"}],"about":[{"href":"https:\/\/schuetzen-hw-1636.de\/index.php?rest_route=\/wp\/v2\/types\/page"}],"author":[{"embeddable":true,"href":"https:\/\/schuetzen-hw-1636.de\/index.php?rest_route=\/wp\/v2\/users\/1"}],"replies":[{"embeddable":true,"href":"https:\/\/schuetzen-hw-1636.de\/index.php?rest_route=%2Fwp%2Fv2%2Fcomments&post=234"}],"version-history":[{"count":295,"href":"https:\/\/schuetzen-hw-1636.de\/index.php?rest_route=\/wp\/v2\/pages\/234\/revisions"}],"predecessor-version":[{"id":1382,"href":"https:\/\/schuetzen-hw-1636.de\/index.php?rest_route=\/wp\/v2\/pages\/234\/revisions\/1382"}],"wp:attachment":[{"href":"https:\/\/schuetzen-hw-1636.de\/index.php?rest_route=%2Fwp%2Fv2%2Fmedia&parent=234"}],"curies":[{"name":"wp","href":"https:\/\/api.w.org\/{rel}","templated":true}]}}