{"id":259,"date":"2021-04-05T06:49:02","date_gmt":"2021-04-05T06:49:02","guid":{"rendered":"http:\/\/schuetzen-hw-1636.de\/?page_id=259"},"modified":"2024-01-10T18:08:34","modified_gmt":"2024-01-10T17:08:34","slug":"unser-vereinsheim","status":"publish","type":"page","link":"https:\/\/schuetzen-hw-1636.de\/?page_id=259","title":{"rendered":"Unser Vereinsheim"},"content":{"rendered":"\t\t<div data-elementor-type=\"wp-page\" data-elementor-id=\"259\" class=\"elementor elementor-259\">\n\t\t\t\t\t\t<section class=\"elementor-section elementor-top-section elementor-element elementor-element-38c892dc elementor-section-height-min-height elementor-section-full_width elementor-section-height-default elementor-section-items-middle\" data-id=\"38c892dc\" data-element_type=\"section\" data-e-type=\"section\" data-settings=\"{&quot;background_background&quot;:&quot;gradient&quot;}\">\n\t\t\t\t\t\t<div class=\"elementor-container elementor-column-gap-default\">\n\t\t\t\t\t<div class=\"elementor-column elementor-col-50 elementor-top-column elementor-element elementor-element-74a31841\" data-id=\"74a31841\" data-element_type=\"column\" data-e-type=\"column\">\n\t\t\t<div class=\"elementor-widget-wrap elementor-element-populated\">\n\t\t\t\t\t\t<div class=\"elementor-element elementor-element-3a8a5cb3 elementor-widget elementor-widget-image\" data-id=\"3a8a5cb3\" data-element_type=\"widget\" data-e-type=\"widget\" data-widget_type=\"image.default\">\n\t\t\t\t<div class=\"elementor-widget-container\">\n\t\t\t\t\t\t\t\t\t\t\t\t\t\t\t\t<a href=\"https:\/\/edu.elementor.com\/ekit\/digital-agency-home\">\n\t\t\t\t\t\t\t<img decoding=\"async\" width=\"120\" height=\"150\" src=\"https:\/\/schuetzen-hw-1636.de\/wp-content\/uploads\/2020\/02\/Sch\u00fctzenlogo1-e1582110696269.jpg\" class=\"attachment-full size-full wp-image-9\" alt=\"\" \/>\t\t\t\t\t\t\t\t<\/a>\n\t\t\t\t\t\t\t\t\t\t\t\t\t\t\t<\/div>\n\t\t\t\t<\/div>\n\t\t\t\t\t<\/div>\n\t\t<\/div>\n\t\t\t\t<header class=\"elementor-column elementor-col-50 elementor-top-column elementor-element elementor-element-7b6551ca\" data-id=\"7b6551ca\" data-element_type=\"column\" data-e-type=\"column\" data-settings=\"{&quot;background_background&quot;:&quot;classic&quot;}\">\n\t\t\t<div class=\"elementor-widget-wrap\">\n\t\t\t\t\t\t\t<\/div>\n\t\t<\/header>\n\t\t\t\t\t<\/div>\n\t\t<\/section>\n\t\t\t\t<section class=\"elementor-section elementor-top-section elementor-element elementor-element-443b193 elementor-section-boxed elementor-section-height-default elementor-section-height-default\" data-id=\"443b193\" data-element_type=\"section\" data-e-type=\"section\">\n\t\t\t\t\t\t<div class=\"elementor-container elementor-column-gap-default\">\n\t\t\t\t\t<div class=\"elementor-column elementor-col-100 elementor-top-column elementor-element elementor-element-1ea8204\" data-id=\"1ea8204\" data-element_type=\"column\" data-e-type=\"column\">\n\t\t\t<div class=\"elementor-widget-wrap elementor-element-populated\">\n\t\t\t\t\t\t<div class=\"elementor-element elementor-element-c56c533 elementor-widget elementor-widget-spacer\" data-id=\"c56c533\" data-element_type=\"widget\" data-e-type=\"widget\" data-widget_type=\"spacer.default\">\n\t\t\t\t<div class=\"elementor-widget-container\">\n\t\t\t\t\t\t\t<div class=\"elementor-spacer\">\n\t\t\t<div class=\"elementor-spacer-inner\"><\/div>\n\t\t<\/div>\n\t\t\t\t\t\t<\/div>\n\t\t\t\t<\/div>\n\t\t\t\t\t<\/div>\n\t\t<\/div>\n\t\t\t\t\t<\/div>\n\t\t<\/section>\n\t\t\t\t<section class=\"elementor-section elementor-top-section elementor-element elementor-element-7e88259 elementor-section-full_width elementor-section-content-bottom elementor-section-height-default elementor-section-height-default\" data-id=\"7e88259\" data-element_type=\"section\" data-e-type=\"section\">\n\t\t\t\t\t\t<div class=\"elementor-container elementor-column-gap-default\">\n\t\t\t\t\t<div class=\"elementor-column elementor-col-100 elementor-top-column elementor-element elementor-element-ed16d10\" data-id=\"ed16d10\" data-element_type=\"column\" data-e-type=\"column\">\n\t\t\t<div class=\"elementor-widget-wrap elementor-element-populated\">\n\t\t\t\t\t\t<div class=\"elementor-element elementor-element-5b49abd elementor-widget elementor-widget-spacer\" data-id=\"5b49abd\" data-element_type=\"widget\" data-e-type=\"widget\" data-widget_type=\"spacer.default\">\n\t\t\t\t<div class=\"elementor-widget-container\">\n\t\t\t\t\t\t\t<div class=\"elementor-spacer\">\n\t\t\t<div class=\"elementor-spacer-inner\"><\/div>\n\t\t<\/div>\n\t\t\t\t\t\t<\/div>\n\t\t\t\t<\/div>\n\t\t\t\t<div class=\"elementor-element elementor-element-bf718c5 elementor-widget elementor-widget-heading\" data-id=\"bf718c5\" data-element_type=\"widget\" data-e-type=\"widget\" data-widget_type=\"heading.default\">\n\t\t\t\t<div class=\"elementor-widget-container\">\n\t\t\t\t\t<h2 class=\"elementor-heading-title elementor-size-large\">Unser Vereinsheim\n\u00d6ffnungszeiten:\nDienstags von 19 Uhr bis ca. 22 Uhr<\/h2>\t\t\t\t<\/div>\n\t\t\t\t<\/div>\n\t\t\t\t\t<\/div>\n\t\t<\/div>\n\t\t\t\t\t<\/div>\n\t\t<\/section>\n\t\t\t\t<section class=\"elementor-section elementor-top-section elementor-element elementor-element-f6dadcb elementor-section-boxed elementor-section-height-default elementor-section-height-default\" data-id=\"f6dadcb\" data-element_type=\"section\" data-e-type=\"section\">\n\t\t\t\t\t\t<div class=\"elementor-container elementor-column-gap-default\">\n\t\t\t\t\t<div class=\"elementor-column elementor-col-100 elementor-top-column elementor-element elementor-element-6bd465c\" data-id=\"6bd465c\" data-element_type=\"column\" data-e-type=\"column\">\n\t\t\t<div class=\"elementor-widget-wrap elementor-element-populated\">\n\t\t\t\t\t\t<div class=\"elementor-element elementor-element-1b56850 elementor-widget elementor-widget-text-editor\" data-id=\"1b56850\" data-element_type=\"widget\" data-e-type=\"widget\" data-widget_type=\"text-editor.default\">\n\t\t\t\t<div class=\"elementor-widget-container\">\n\t\t\t\t\t\t\t\t\t<p>Auf unserem Schiessstand mit 10m, 25m und 50m k\u00f6nnen Luftpistole,Luftgewehr, Kleinkaliber und Gro\u00dfkaliber geschossen werden !<\/p>\t\t\t\t\t\t\t\t<\/div>\n\t\t\t\t<\/div>\n\t\t\t\t\t<\/div>\n\t\t<\/div>\n\t\t\t\t\t<\/div>\n\t\t<\/section>\n\t\t\t\t<section class=\"elementor-section elementor-top-section elementor-element elementor-element-4c1f580 elementor-section-boxed elementor-section-height-default elementor-section-height-default\" data-id=\"4c1f580\" data-element_type=\"section\" data-e-type=\"section\">\n\t\t\t\t\t\t<div class=\"elementor-container elementor-column-gap-default\">\n\t\t\t\t\t<div class=\"elementor-column elementor-col-33 elementor-top-column elementor-element elementor-element-63da2f5\" data-id=\"63da2f5\" data-element_type=\"column\" data-e-type=\"column\">\n\t\t\t<div class=\"elementor-widget-wrap elementor-element-populated\">\n\t\t\t\t\t\t<div class=\"elementor-element elementor-element-06ed11e elementor-widget__width-initial elementor-widget elementor-widget-image\" data-id=\"06ed11e\" data-element_type=\"widget\" data-e-type=\"widget\" data-widget_type=\"image.default\">\n\t\t\t\t<div class=\"elementor-widget-container\">\n\t\t\t\t\t\t\t\t\t\t\t\t\t\t\t<img fetchpriority=\"high\" decoding=\"async\" width=\"1024\" height=\"678\" src=\"https:\/\/schuetzen-hw-1636.de\/wp-content\/uploads\/2021\/04\/DSC_3313-1024x678.jpg\" class=\"attachment-large size-large wp-image-180\" alt=\"\" srcset=\"https:\/\/schuetzen-hw-1636.de\/wp-content\/uploads\/2021\/04\/DSC_3313-1024x678.jpg 1024w, https:\/\/schuetzen-hw-1636.de\/wp-content\/uploads\/2021\/04\/DSC_3313-300x199.jpg 300w, https:\/\/schuetzen-hw-1636.de\/wp-content\/uploads\/2021\/04\/DSC_3313-768x509.jpg 768w, https:\/\/schuetzen-hw-1636.de\/wp-content\/uploads\/2021\/04\/DSC_3313-1536x1017.jpg 1536w, https:\/\/schuetzen-hw-1636.de\/wp-content\/uploads\/2021\/04\/DSC_3313-2048x1356.jpg 2048w\" sizes=\"(max-width: 1024px) 100vw, 1024px\" \/>\t\t\t\t\t\t\t\t\t\t\t\t\t\t\t<\/div>\n\t\t\t\t<\/div>\n\t\t\t\t\t<\/div>\n\t\t<\/div>\n\t\t\t\t<div class=\"elementor-column elementor-col-33 elementor-top-column elementor-element elementor-element-a5ba857\" data-id=\"a5ba857\" data-element_type=\"column\" data-e-type=\"column\">\n\t\t\t<div class=\"elementor-widget-wrap elementor-element-populated\">\n\t\t\t\t\t\t<div class=\"elementor-element elementor-element-5ee1f03 elementor-widget elementor-widget-image\" data-id=\"5ee1f03\" data-element_type=\"widget\" data-e-type=\"widget\" data-widget_type=\"image.default\">\n\t\t\t\t<div class=\"elementor-widget-container\">\n\t\t\t\t\t\t\t\t\t\t\t\t\t\t\t<img decoding=\"async\" width=\"1024\" height=\"678\" src=\"https:\/\/schuetzen-hw-1636.de\/wp-content\/uploads\/2021\/04\/DSC_3317-1024x678.jpg\" class=\"attachment-large size-large wp-image-183\" alt=\"\" srcset=\"https:\/\/schuetzen-hw-1636.de\/wp-content\/uploads\/2021\/04\/DSC_3317-1024x678.jpg 1024w, https:\/\/schuetzen-hw-1636.de\/wp-content\/uploads\/2021\/04\/DSC_3317-300x199.jpg 300w, https:\/\/schuetzen-hw-1636.de\/wp-content\/uploads\/2021\/04\/DSC_3317-768x509.jpg 768w, https:\/\/schuetzen-hw-1636.de\/wp-content\/uploads\/2021\/04\/DSC_3317-1536x1017.jpg 1536w, https:\/\/schuetzen-hw-1636.de\/wp-content\/uploads\/2021\/04\/DSC_3317-2048x1356.jpg 2048w\" sizes=\"(max-width: 1024px) 100vw, 1024px\" \/>\t\t\t\t\t\t\t\t\t\t\t\t\t\t\t<\/div>\n\t\t\t\t<\/div>\n\t\t\t\t\t<\/div>\n\t\t<\/div>\n\t\t\t\t<div class=\"elementor-column elementor-col-33 elementor-top-column elementor-element elementor-element-5e156e4\" data-id=\"5e156e4\" data-element_type=\"column\" data-e-type=\"column\">\n\t\t\t<div class=\"elementor-widget-wrap elementor-element-populated\">\n\t\t\t\t\t\t<div class=\"elementor-element elementor-element-f358967 elementor-widget elementor-widget-image\" data-id=\"f358967\" data-element_type=\"widget\" data-e-type=\"widget\" data-widget_type=\"image.default\">\n\t\t\t\t<div class=\"elementor-widget-container\">\n\t\t\t\t\t\t\t\t\t\t\t\t\t\t\t<img loading=\"lazy\" decoding=\"async\" width=\"1024\" height=\"678\" src=\"https:\/\/schuetzen-hw-1636.de\/wp-content\/uploads\/2021\/04\/DSC_3314-1024x678.jpg\" class=\"attachment-large size-large wp-image-181\" alt=\"\" srcset=\"https:\/\/schuetzen-hw-1636.de\/wp-content\/uploads\/2021\/04\/DSC_3314-1024x678.jpg 1024w, https:\/\/schuetzen-hw-1636.de\/wp-content\/uploads\/2021\/04\/DSC_3314-300x199.jpg 300w, https:\/\/schuetzen-hw-1636.de\/wp-content\/uploads\/2021\/04\/DSC_3314-768x509.jpg 768w, https:\/\/schuetzen-hw-1636.de\/wp-content\/uploads\/2021\/04\/DSC_3314-1536x1017.jpg 1536w, https:\/\/schuetzen-hw-1636.de\/wp-content\/uploads\/2021\/04\/DSC_3314-2048x1356.jpg 2048w\" sizes=\"(max-width: 1024px) 100vw, 1024px\" \/>\t\t\t\t\t\t\t\t\t\t\t\t\t\t\t<\/div>\n\t\t\t\t<\/div>\n\t\t\t\t\t<\/div>\n\t\t<\/div>\n\t\t\t\t\t<\/div>\n\t\t<\/section>\n\t\t\t\t<section class=\"elementor-section elementor-top-section elementor-element elementor-element-168c4eb elementor-section-boxed elementor-section-height-default elementor-section-height-default\" data-id=\"168c4eb\" data-element_type=\"section\" data-e-type=\"section\">\n\t\t\t\t\t\t<div class=\"elementor-container elementor-column-gap-default\">\n\t\t\t\t\t<div class=\"elementor-column elementor-col-66 elementor-top-column elementor-element elementor-element-5da1132\" data-id=\"5da1132\" data-element_type=\"column\" data-e-type=\"column\">\n\t\t\t<div class=\"elementor-widget-wrap elementor-element-populated\">\n\t\t\t\t\t\t<div class=\"elementor-element elementor-element-4b4ad91 elementor-widget__width-initial elementor-widget elementor-widget-image\" data-id=\"4b4ad91\" data-element_type=\"widget\" data-e-type=\"widget\" data-widget_type=\"image.default\">\n\t\t\t\t<div class=\"elementor-widget-container\">\n\t\t\t\t\t\t\t\t\t\t\t\t\t\t\t<img loading=\"lazy\" decoding=\"async\" width=\"1024\" height=\"614\" src=\"https:\/\/schuetzen-hw-1636.de\/wp-content\/uploads\/2021\/04\/cropped-DSC_3302-scaled-1-1024x614.jpg\" class=\"attachment-large size-large wp-image-192\" alt=\"\" srcset=\"https:\/\/schuetzen-hw-1636.de\/wp-content\/uploads\/2021\/04\/cropped-DSC_3302-scaled-1-1024x614.jpg 1024w, https:\/\/schuetzen-hw-1636.de\/wp-content\/uploads\/2021\/04\/cropped-DSC_3302-scaled-1-300x180.jpg 300w, https:\/\/schuetzen-hw-1636.de\/wp-content\/uploads\/2021\/04\/cropped-DSC_3302-scaled-1-768x461.jpg 768w, https:\/\/schuetzen-hw-1636.de\/wp-content\/uploads\/2021\/04\/cropped-DSC_3302-scaled-1-1536x922.jpg 1536w, https:\/\/schuetzen-hw-1636.de\/wp-content\/uploads\/2021\/04\/cropped-DSC_3302-scaled-1.jpg 2000w\" sizes=\"(max-width: 1024px) 100vw, 1024px\" \/>\t\t\t\t\t\t\t\t\t\t\t\t\t\t\t<\/div>\n\t\t\t\t<\/div>\n\t\t\t\t\t<\/div>\n\t\t<\/div>\n\t\t\t\t<div class=\"elementor-column elementor-col-33 elementor-top-column elementor-element elementor-element-e6d8484\" data-id=\"e6d8484\" data-element_type=\"column\" data-e-type=\"column\">\n\t\t\t<div class=\"elementor-widget-wrap elementor-element-populated\">\n\t\t\t\t\t\t<div class=\"elementor-element elementor-element-cbdb7cd elementor-widget__width-initial elementor-widget elementor-widget-image\" data-id=\"cbdb7cd\" data-element_type=\"widget\" data-e-type=\"widget\" data-widget_type=\"image.default\">\n\t\t\t\t<div class=\"elementor-widget-container\">\n\t\t\t\t\t\t\t\t\t\t\t\t\t\t\t<img loading=\"lazy\" decoding=\"async\" width=\"1024\" height=\"678\" src=\"https:\/\/schuetzen-hw-1636.de\/wp-content\/uploads\/2021\/04\/DSC_3303-1024x678.jpg\" class=\"attachment-large size-large wp-image-187\" alt=\"\" srcset=\"https:\/\/schuetzen-hw-1636.de\/wp-content\/uploads\/2021\/04\/DSC_3303-1024x678.jpg 1024w, https:\/\/schuetzen-hw-1636.de\/wp-content\/uploads\/2021\/04\/DSC_3303-300x199.jpg 300w, https:\/\/schuetzen-hw-1636.de\/wp-content\/uploads\/2021\/04\/DSC_3303-768x509.jpg 768w, https:\/\/schuetzen-hw-1636.de\/wp-content\/uploads\/2021\/04\/DSC_3303-1536x1017.jpg 1536w, https:\/\/schuetzen-hw-1636.de\/wp-content\/uploads\/2021\/04\/DSC_3303-2048x1356.jpg 2048w\" sizes=\"(max-width: 1024px) 100vw, 1024px\" \/>\t\t\t\t\t\t\t\t\t\t\t\t\t\t\t<\/div>\n\t\t\t\t<\/div>\n\t\t\t\t<div class=\"elementor-element elementor-element-e5a1022 elementor-widget__width-initial elementor-widget elementor-widget-image\" data-id=\"e5a1022\" data-element_type=\"widget\" data-e-type=\"widget\" data-widget_type=\"image.default\">\n\t\t\t\t<div class=\"elementor-widget-container\">\n\t\t\t\t\t\t\t\t\t\t\t\t\t\t\t<img loading=\"lazy\" decoding=\"async\" width=\"1024\" height=\"678\" src=\"https:\/\/schuetzen-hw-1636.de\/wp-content\/uploads\/2021\/04\/DSC_3301-1-1024x678.jpg\" class=\"attachment-large size-large wp-image-185\" alt=\"\" srcset=\"https:\/\/schuetzen-hw-1636.de\/wp-content\/uploads\/2021\/04\/DSC_3301-1-1024x678.jpg 1024w, https:\/\/schuetzen-hw-1636.de\/wp-content\/uploads\/2021\/04\/DSC_3301-1-300x199.jpg 300w, https:\/\/schuetzen-hw-1636.de\/wp-content\/uploads\/2021\/04\/DSC_3301-1-768x509.jpg 768w, https:\/\/schuetzen-hw-1636.de\/wp-content\/uploads\/2021\/04\/DSC_3301-1-1536x1017.jpg 1536w, https:\/\/schuetzen-hw-1636.de\/wp-content\/uploads\/2021\/04\/DSC_3301-1-2048x1356.jpg 2048w\" sizes=\"(max-width: 1024px) 100vw, 1024px\" \/>\t\t\t\t\t\t\t\t\t\t\t\t\t\t\t<\/div>\n\t\t\t\t<\/div>\n\t\t\t\t\t<\/div>\n\t\t<\/div>\n\t\t\t\t\t<\/div>\n\t\t<\/section>\n\t\t\t\t<section class=\"elementor-section elementor-top-section elementor-element elementor-element-18aa516 elementor-section-boxed elementor-section-height-default elementor-section-height-default\" data-id=\"18aa516\" data-element_type=\"section\" data-e-type=\"section\">\n\t\t\t\t\t\t<div class=\"elementor-container elementor-column-gap-default\">\n\t\t\t\t\t<div class=\"elementor-column elementor-col-33 elementor-top-column elementor-element elementor-element-9688cee\" data-id=\"9688cee\" data-element_type=\"column\" data-e-type=\"column\">\n\t\t\t<div class=\"elementor-widget-wrap elementor-element-populated\">\n\t\t\t\t\t\t<div class=\"elementor-element elementor-element-cd1613d elementor-widget elementor-widget-image\" data-id=\"cd1613d\" data-element_type=\"widget\" data-e-type=\"widget\" data-widget_type=\"image.default\">\n\t\t\t\t<div class=\"elementor-widget-container\">\n\t\t\t\t\t\t\t\t\t\t\t\t\t\t\t<img loading=\"lazy\" decoding=\"async\" width=\"1024\" height=\"678\" src=\"https:\/\/schuetzen-hw-1636.de\/wp-content\/uploads\/2021\/04\/DSC_3318-1-1024x678.jpg\" class=\"attachment-large size-large wp-image-190\" alt=\"\" srcset=\"https:\/\/schuetzen-hw-1636.de\/wp-content\/uploads\/2021\/04\/DSC_3318-1-1024x678.jpg 1024w, https:\/\/schuetzen-hw-1636.de\/wp-content\/uploads\/2021\/04\/DSC_3318-1-300x199.jpg 300w, https:\/\/schuetzen-hw-1636.de\/wp-content\/uploads\/2021\/04\/DSC_3318-1-768x509.jpg 768w, https:\/\/schuetzen-hw-1636.de\/wp-content\/uploads\/2021\/04\/DSC_3318-1-1536x1017.jpg 1536w, https:\/\/schuetzen-hw-1636.de\/wp-content\/uploads\/2021\/04\/DSC_3318-1-2048x1356.jpg 2048w\" sizes=\"(max-width: 1024px) 100vw, 1024px\" \/>\t\t\t\t\t\t\t\t\t\t\t\t\t\t\t<\/div>\n\t\t\t\t<\/div>\n\t\t\t\t\t<\/div>\n\t\t<\/div>\n\t\t\t\t<div class=\"elementor-column elementor-col-33 elementor-top-column elementor-element elementor-element-a96f003\" data-id=\"a96f003\" data-element_type=\"column\" data-e-type=\"column\">\n\t\t\t<div class=\"elementor-widget-wrap elementor-element-populated\">\n\t\t\t\t\t\t<div class=\"elementor-element elementor-element-60149df elementor-widget__width-initial elementor-widget elementor-widget-image\" data-id=\"60149df\" data-element_type=\"widget\" data-e-type=\"widget\" data-widget_type=\"image.default\">\n\t\t\t\t<div class=\"elementor-widget-container\">\n\t\t\t\t\t\t\t\t\t\t\t\t\t\t\t<img loading=\"lazy\" decoding=\"async\" width=\"1024\" height=\"678\" src=\"https:\/\/schuetzen-hw-1636.de\/wp-content\/uploads\/2021\/04\/DSC_3311-1024x678.jpg\" class=\"attachment-large size-large wp-image-179\" alt=\"\" srcset=\"https:\/\/schuetzen-hw-1636.de\/wp-content\/uploads\/2021\/04\/DSC_3311-1024x678.jpg 1024w, https:\/\/schuetzen-hw-1636.de\/wp-content\/uploads\/2021\/04\/DSC_3311-300x199.jpg 300w, https:\/\/schuetzen-hw-1636.de\/wp-content\/uploads\/2021\/04\/DSC_3311-768x509.jpg 768w, https:\/\/schuetzen-hw-1636.de\/wp-content\/uploads\/2021\/04\/DSC_3311-1536x1017.jpg 1536w, https:\/\/schuetzen-hw-1636.de\/wp-content\/uploads\/2021\/04\/DSC_3311-2048x1356.jpg 2048w\" sizes=\"(max-width: 1024px) 100vw, 1024px\" \/>\t\t\t\t\t\t\t\t\t\t\t\t\t\t\t<\/div>\n\t\t\t\t<\/div>\n\t\t\t\t\t<\/div>\n\t\t<\/div>\n\t\t\t\t<div class=\"elementor-column elementor-col-33 elementor-top-column elementor-element elementor-element-db381e6\" data-id=\"db381e6\" data-element_type=\"column\" data-e-type=\"column\">\n\t\t\t<div class=\"elementor-widget-wrap elementor-element-populated\">\n\t\t\t\t\t\t<div class=\"elementor-element elementor-element-d89702f elementor-widget elementor-widget-image\" data-id=\"d89702f\" data-element_type=\"widget\" data-e-type=\"widget\" data-widget_type=\"image.default\">\n\t\t\t\t<div class=\"elementor-widget-container\">\n\t\t\t\t\t\t\t\t\t\t\t\t\t\t\t<img loading=\"lazy\" decoding=\"async\" width=\"1024\" height=\"678\" src=\"https:\/\/schuetzen-hw-1636.de\/wp-content\/uploads\/2021\/04\/DSC_3319-1024x678.jpg\" class=\"attachment-large size-large wp-image-191\" alt=\"\" srcset=\"https:\/\/schuetzen-hw-1636.de\/wp-content\/uploads\/2021\/04\/DSC_3319-1024x678.jpg 1024w, https:\/\/schuetzen-hw-1636.de\/wp-content\/uploads\/2021\/04\/DSC_3319-300x199.jpg 300w, https:\/\/schuetzen-hw-1636.de\/wp-content\/uploads\/2021\/04\/DSC_3319-768x509.jpg 768w, https:\/\/schuetzen-hw-1636.de\/wp-content\/uploads\/2021\/04\/DSC_3319-1536x1017.jpg 1536w, https:\/\/schuetzen-hw-1636.de\/wp-content\/uploads\/2021\/04\/DSC_3319-2048x1356.jpg 2048w\" sizes=\"(max-width: 1024px) 100vw, 1024px\" \/>\t\t\t\t\t\t\t\t\t\t\t\t\t\t\t<\/div>\n\t\t\t\t<\/div>\n\t\t\t\t\t<\/div>\n\t\t<\/div>\n\t\t\t\t\t<\/div>\n\t\t<\/section>\n\t\t\t\t<\/div>\n\t\t","protected":false},"excerpt":{"rendered":"<p>Unser Vereinsheim \u00d6ffnungszeiten: Dienstags von 19 Uhr bis ca. 22 Uhr Auf unserem Schiessstand mit 10m, 25m und 50m k\u00f6nnen Luftpistole,Luftgewehr, Kleinkaliber und Gro\u00dfkaliber geschossen werden !<\/p>\n","protected":false},"author":1,"featured_media":0,"parent":0,"menu_order":0,"comment_status":"closed","ping_status":"closed","template":"elementor_canvas","meta":{"footnotes":""},"class_list":["post-259","page","type-page","status-publish","hentry","entry"],"_links":{"self":[{"href":"https:\/\/schuetzen-hw-1636.de\/index.php?rest_route=\/wp\/v2\/pages\/259","targetHints":{"allow":["GET"]}}],"collection":[{"href":"https:\/\/schuetzen-hw-1636.de\/index.php?rest_route=\/wp\/v2\/pages"}],"about":[{"href":"https:\/\/schuetzen-hw-1636.de\/index.php?rest_route=\/wp\/v2\/types\/page"}],"author":[{"embeddable":true,"href":"https:\/\/schuetzen-hw-1636.de\/index.php?rest_route=\/wp\/v2\/users\/1"}],"replies":[{"embeddable":true,"href":"https:\/\/schuetzen-hw-1636.de\/index.php?rest_route=%2Fwp%2Fv2%2Fcomments&post=259"}],"version-history":[{"count":34,"href":"https:\/\/schuetzen-hw-1636.de\/index.php?rest_route=\/wp\/v2\/pages\/259\/revisions"}],"predecessor-version":[{"id":1186,"href":"https:\/\/schuetzen-hw-1636.de\/index.php?rest_route=\/wp\/v2\/pages\/259\/revisions\/1186"}],"wp:attachment":[{"href":"https:\/\/schuetzen-hw-1636.de\/index.php?rest_route=%2Fwp%2Fv2%2Fmedia&parent=259"}],"curies":[{"name":"wp","href":"https:\/\/api.w.org\/{rel}","templated":true}]}}